{"id":177,"date":"2016-05-10T11:09:36","date_gmt":"2016-05-10T11:09:36","guid":{"rendered":"http:\/\/wp.swlabs.co\/explooredev\/?page_id=177"},"modified":"2016-09-27T21:49:04","modified_gmt":"2016-09-27T21:49:04","slug":"accommodation-list","status":"publish","type":"page","link":"https:\/\/monalysaholidays.com\/fr\/accommodation-list\/","title":{"rendered":"Accommodation"},"content":{"rendered":"<div class=\"wpb-content-wrapper\"><p>[vc_row][vc_column width=&#8221;1\/3&#8243; el_class=&#8221;slz_col-sm-12&#8243;]<form class=\"find-hotel slz-search-widget slz-shortcode sidebar-widget  \" action=https:\/\/monalysaholidays.com\/fr\/accommodations><div class=\"col-2\">\n\t<div class=\"find-widget hotel-template find-flight-widget widget\" data-placeholder=\"Choisir un Emplacement\">\n\t\t<h4 class=\"title-widgets\">find accommodation<\/h4>\n\t\t<div class=\"content-widget\">\n\t\t\t<div class=\"text-input small-margin-top\">\n\t\t\t\t<div class=\"text-box-wrapper full\">\n\t\t\t\t\t<label class=\"tb-label\">\n\t\t\t\t\t\tKeyword?\t\t\t\t\t<\/label>\n\t\t\t\t\t<div class=\"input-group\">\n\t\t\t\t\t<input class=\"tb-input\" placeholder=\"Enter a keyword\" type=\"text\" value=\"\" name=\"keyword\" \/>\t\t\t\t\t<\/div>\n\t\t\t\t<\/div>\n\t\t\t\t<div class=\"text-box-wrapper full\">\n\t\t\t\t\t<label class=\"tb-label\">\n\t\t\t\t\t\tLieu\t\t\t\t\t<\/label>\n\t\t\t\t\t<div class=\"input-group\">\n\t\t\t\t\t<select class=\"tb-input select2\" name=\"location\">\n<option value=\"\" selected=\"selected\">Choose Location<\/option>\n<option value=\"grand-baie\">Grand Baie<\/option>\n<\/select>\t\t\t\t\t<\/div>\n\t\t\t\t<\/div>\n\t\t\t\t<div class=\"input-daterange\">\n\t\t\t\t\t<div class=\"text-box-wrapper half left\">\n\t\t\t\t\t\t<label class=\"tb-label\">\n\t\t\t\t\t\t\tCheck in\t\t\t\t\t\t<\/label>\n\n\t\t\t\t\t\t<div class=\"input-group\">\n\t\t\t\t\t\t\t<input class=\"tb-input\" placeholder=\"YYYY-MM-DD\" type=\"text\" value=\"\" name=\"date_from\" \/>\t\t\t\t\t\t\t<i class=\"tb-icon fa fa-calendar input-group-addon\"><\/i>\n\t\t\t\t\t\t<\/div>\n\t\t\t\t\t<\/div>\n\t\t\t\t\t<div class=\"text-box-wrapper half right\">\n\t\t\t\t\t\t<label class=\"tb-label\">\n\t\t\t\t\t\t\tCheck out\t\t\t\t\t\t<\/label>\n\n\t\t\t\t\t\t<div class=\"input-group\">\n\t\t\t\t\t\t\t<input class=\"tb-input\" placeholder=\"YYYY-MM-DD\" type=\"text\" value=\"\" name=\"date_to\" \/>\t\t\t\t\t\t\t<i class=\"tb-icon fa fa-calendar input-group-addon\"><\/i>\n\t\t\t\t\t\t<\/div>\n\t\t\t\t\t<\/div>\n\t\t\t\t<\/div>\n\t\t\t\t<div class=\"text-box-wrapper half left\">\n\t\t\t\t\t<label class=\"tb-label\">\n\t\t\t\t\t\tNumber of Adult\t\t\t\t\t<\/label>\n\n\t\t\t\t\t<div class=\"input-group\">\n\t\t\t\t\t<button disabled data-type=\"minus\" data-field=\"adults\" class=\"input-group-btn btn-minus\"><span class=\"tb-icon fa fa-minus\"><\/span><\/button><input class=\"tb-input count\" min=\"0\" max=\"9\" type=\"number\" value=\"0\" name=\"adults\" \/><button  data-type=\"plus\" data-field=\"adults\" class=\"input-group-btn btn-plus\"><span class=\"tb-icon fa fa-plus\"><\/span><\/button>\t\t\t\t\t<\/div>\n\t\t\t\t<\/div>\n\t\t\t\t<div class=\"text-box-wrapper half right\">\n\t\t\t\t\t<label class=\"tb-label\">\n\t\t\t\t\t\tNumber of Child\t\t\t\t\t<\/label>\n\t\t\t\t\t<div class=\"input-group\">\n\t\t\t\t\t\t\n\t\t\t\t\t<button disabled data-type=\"minus\" data-field=\"children\" class=\"input-group-btn btn-minus\"><span class=\"tb-icon fa fa-minus\"><\/span><\/button><input class=\"tb-input count\" min=\"0\" max=\"9\" type=\"number\" value=\"0\" name=\"children\" \/><button  data-type=\"plus\" data-field=\"children\" class=\"input-group-btn btn-plus\"><span class=\"tb-icon fa fa-plus\"><\/span><\/button>\t\t\t\t\t\t\n\t\t\t\t\t<\/div>\n\t\t\t\t<\/div>\n\t\t\t<\/div>\n\t\t\t<button type=\"submit\" data-hover=\"search now\" class=\"btn btn-slide small-margin-top\" name=\"search-accommodation\"><span class=\"text\">search<\/span><span class=\"icons fa fa-long-arrow-right\"><\/span><\/button>\n\t\t<\/div>\n\t<\/div>\n<\/div>\n<div class=\"col-2\">\n\t<div class=\"col-1\">\n\t\t\t\t<div class=\"price-widget widget accommodation\">\n\t\t\t<div class=\"title-widget\">\n\t\t\t\t<div class=\"title\">price<\/div>\n\t\t\t<\/div>\n\t\t\t<div class=\"content-widget\">\n\t\t\t\t<div><a href=\"javascript:void(0);\" title=\"\" class=\"btn-reset hide\">\n\t\t\t\t\tClear\t\t\t\t<\/a><\/div>\n\t\t\t\t<div class=\"price-wrapper\">\n\t\t\t\t\t\n\t\t\t\t\t\t\t<div data-range_min=\"0\" data-range_max=\"1000\" data-cur_min=\"0\" data-cur_max=\"1000\" class=\"nstSlider\">\n\t\t\t\t\t\t\t\t<div class=\"leftGrip indicator\">\n\t\t\t\t\t\t\t\t\t<div class=\"number\"><\/div>\n\t\t\t\t\t\t\t\t<\/div>\n\t\t\t\t\t\t\t\t<div class=\"rightGrip indicator\">\n\t\t\t\t\t\t\t\t\t<div class=\"number\"><\/div>\n\t\t\t\t\t\t\t\t<\/div>\n\t\t\t\t\t\t\t<\/div>\n\t\t\t\t\t\t\t<div class=\"leftLabel\">0<\/div>\n\t\t\t\t\t\t\t<div class=\"rightLabel\">1000<\/div>\n\t\t\t\t\t\t\t<input type=\"hidden\" name=\"average_price\" class=\"sliderValue\" value=\"\" \/>\t\t\t\t<\/div>\n\t\t\t<\/div>\n\t\t<\/div>\n\t\t\t\t\t\t\t<\/div>\n\t\t<div class=\"col-1\">\n\t\t<div class=\"accommodation-widget widget\">\n\t\t\t<div class=\"title-widget\">\n\t\t\t\t<div class=\"title\">Categories<\/div>\n\t\t\t<\/div>\n\t\t\t<div class=\"content-widget\">\n\t\t\t\t<div><a href=\"javascript:void(0);\" title=\"\" class=\"btn-reset hide\">\n\t\t\t\t\tClear\t\t\t\t<\/a><\/div>\n\t\t\t\t<div class=\"radio-selection\">\n\t\t\t\t\n\t\t\t\t\t\t\t<div class=\"radio-btn-wrapper\">\n\t\t\t\t\t\t\t\t<input type=\"checkbox\" name=\"accommodation\"  value=\"apartment\" id=\"apartment\" class=\"radio-btn\">\n\t\t\t\t\t\t\t\t<label for=\"apartment\" class=\"radio-label\">Apartment<\/label>\n\t\t\t\t\t\t\t\t<span class=\"count\">3<\/span>\n\t\t\t\t\t\t\t<\/div>\n\t\t\t\t\t\t\t<div class=\"radio-btn-wrapper\">\n\t\t\t\t\t\t\t\t<input type=\"checkbox\" name=\"accommodation\"  value=\"bungalow\" id=\"bungalow\" class=\"radio-btn\">\n\t\t\t\t\t\t\t\t<label for=\"bungalow\" class=\"radio-label\">Bungalow<\/label>\n\t\t\t\t\t\t\t\t<span class=\"count\">1<\/span>\n\t\t\t\t\t\t\t<\/div>\n\t\t\t\t\t\t\t<div class=\"radio-btn-wrapper\">\n\t\t\t\t\t\t\t\t<input type=\"checkbox\" name=\"accommodation\"  value=\"half-basement\" id=\"half-basement\" class=\"radio-btn\">\n\t\t\t\t\t\t\t\t<label for=\"half-basement\" class=\"radio-label\">Half Basement<\/label>\n\t\t\t\t\t\t\t\t<span class=\"count\">1<\/span>\n\t\t\t\t\t\t\t<\/div>\n\t\t\t\t\t\t\t<div class=\"radio-btn-wrapper\">\n\t\t\t\t\t\t\t\t<input type=\"checkbox\" name=\"accommodation\"  value=\"studio\" id=\"studio\" class=\"radio-btn\">\n\t\t\t\t\t\t\t\t<label for=\"studio\" class=\"radio-label\">Studio<\/label>\n\t\t\t\t\t\t\t\t<span class=\"count\">3<\/span>\n\t\t\t\t\t\t\t<\/div>\t\t\t\t<\/div>\n\t\t\t<\/div>\n\t\t<\/div>\n\t<\/div>\n\t<\/div>\n<\/form>[\/vc_column][vc_column width=&#8221;2\/3&#8243; el_class=&#8221;slz_col-sm-12&#8243;]<div class=\"hotels-content hotel-result-main result-body slz-shortcode \">\n\t<div class=\"loading\">\n\t\t<div class='spinner sk-spinner-wave'>\n\t\t\t<div class='rect1'><\/div><div class='rect2'><\/div><div class='rect3'><\/div>\n\t\t\t<div class='rect4'><\/div><div class='rect5'><\/div>\n\t\t<\/div>\n\t<\/div>\n\t<div class=\"main-right f-none hotel-result-content sc-block-193274867169ee75571e937\">\n\t\t<div class=\"hotel-list\">\n\t\t\t<div class=\"row\">\n\t\t\t\t<div class=\"col-md-12 post-2511 slzexploore_hotel\">\n\t\t\t\t\t<div class=\"hotels-layout\">\n\t\t\t\t\t\t<div class=\"image-wrapper\">\n\t\t\t\t\t\t\t<a class=\"link\" href=\"https:\/\/monalysaholidays.com\/fr\/accommodations\/the-monalysa-suites-residence\/\"><img loading=\"lazy\" decoding=\"async\" width=\"800\" height=\"540\" src=\"https:\/\/monalysaholidays.com\/wp-content\/uploads\/2019\/09\/The-Monalysa-Suites-esidence-e1567488255710-800x540.jpg\" class=\"img-responsive\" alt=\"(English) New in the center of Grand Bay - Mauritius\" srcset=\"https:\/\/monalysaholidays.com\/wp-content\/uploads\/2019\/09\/The-Monalysa-Suites-esidence-e1567488255710-800x540.jpg 800w, https:\/\/monalysaholidays.com\/wp-content\/uploads\/2019\/09\/The-Monalysa-Suites-esidence-e1567488255710-400x270.jpg 400w\" sizes=\"auto, (max-width: 800px) 100vw, 800px\" \/><\/a>\n\t\t\t\t\t\t\t\n\t\t\t\t\t\t\t<div class=\"title-wrapper\">\n\t\t\t\t\t\t\t\t<a href=\"https:\/\/monalysaholidays.com\/fr\/accommodations\/the-monalysa-suites-residence\/\" class=\"title\">T 2 pers for 1 night 50Euros The Monalysa Suites &amp; Residence WhatsApp 5937 7750<\/a>\n\t\t\t\t\t\t\t\t<div class=\"stars stars4\">4<\/div>\n\t\t\t\t\t\t\t<\/div>\n\t\t\t\t\t\t<\/div>\n\t\t\t\t\t\t<div class=\"content-wrapper \">\n\t\t\t\t\t\t\t<div class=\"content\">\n\t\t\t\t\t\t\t\t<div class=\"title\"><div class=\"price\"><sup>\u20ac<\/sup><span class=\"number\">50<\/span><\/div><p class=\"for-price\">50\u20ac \/ per night<\/p><\/div> <div class=\"text\">Nouveau suites a grand baie<\/div> <div class=\"group-btn-tours\"><a href=\"https:\/\/monalysaholidays.com\/fr\/accommodations\/the-monalysa-suites-residence\/\" class=\"left-btn\">Envoyer E-mail<\/a><\/div>\n\t\t\t\t\t\t\t<\/div>\n\t\t\t\t\t\t\t<ul class=\"list-info list-unstyle\"><\/ul>\n\t\t\t\t\t\t<\/div>\n\t\t\t\t\t<\/div>\n\t\t\t\t<\/div><div class=\"col-md-12 post-1420 slzexploore_hotel\">\n\t\t\t\t\t<div class=\"hotels-layout\">\n\t\t\t\t\t\t<div class=\"image-wrapper\">\n\t\t\t\t\t\t\t<a class=\"link\" href=\"https:\/\/monalysaholidays.com\/fr\/accommodations\/monalysa-bungalows\/\"><img loading=\"lazy\" decoding=\"async\" width=\"800\" height=\"540\" src=\"https:\/\/monalysaholidays.com\/wp-content\/uploads\/2016\/09\/Large-photo-MB-800x540.jpg\" class=\"img-responsive\" alt=\"\" srcset=\"https:\/\/monalysaholidays.com\/wp-content\/uploads\/2016\/09\/Large-photo-MB-800x540.jpg 800w, https:\/\/monalysaholidays.com\/wp-content\/uploads\/2016\/09\/Large-photo-MB-400x270.jpg 400w\" sizes=\"auto, (max-width: 800px) 100vw, 800px\" \/><\/a>\n\t\t\t\t\t\t\t\n\t\t\t\t\t\t\t<div class=\"title-wrapper\">\n\t\t\t\t\t\t\t\t<a href=\"https:\/\/monalysaholidays.com\/fr\/accommodations\/monalysa-bungalows\/\" class=\"title\">(English) Monalysa Holidays Bungalows Studio - Promo 49\u20ac<\/a>\n\t\t\t\t\t\t\t\t<div class=\"stars stars3\">3<\/div>\n\t\t\t\t\t\t\t<\/div>\n\t\t\t\t\t\t<\/div>\n\t\t\t\t\t\t<div class=\"content-wrapper \">\n\t\t\t\t\t\t\t<div class=\"content\">\n\t\t\t\t\t\t\t\t<div class=\"title\"><div class=\"price\"><sup>\u20ac<\/sup><span class=\"number\">49<\/span><\/div><p class=\"for-price\">per night<\/p><\/div> <div class=\"text\">Situ\u00e9 sur la c\u00f4te nord de l'\u00eele Maurice, dans la ville de Grand Baie, le Monalysa Holidays Bungalows propose des logements ind\u00e9pendants. Il se trouve \u00e0 5 minutes \u00e0 pied de nombreuses boutiques et \u00e0 100 m\u00e8tres de la plage.\r\n\r\nAffichant une d\u00e9coration individuelle, les logements du Monalysa sont tous dot\u00e9s d'une t\u00e9l\u00e9vision, d'un coffre-fort et d'une machine \u00e0 caf\u00e9. Certains disposent \u00e9galement d'un balcon offrant une vue sur la ville.\r\n\r\nLes h\u00e9bergements comprennent une kitchenette \u00e9quip\u00e9e d'un micro-ondes, d'un grille-pain et d'ustensiles de cuisine. De nombreux restaurants servant des plats locaux et internationaux vous accueillent \u00e0 moins de 300 m\u00e8tres.\r\n\r\nLe bureau d'excursions assure des services de navette a\u00e9roport, de location de voiture et d'excursions d'une journ\u00e9e, sur demande. La capitale, Port-Louis, vous attend \u00e0 30 minutes en voiture.\r\n\r\nLa connexion Wi-Fi est gratuite dans les parties communes. L'a\u00e9roport international Sir Seewoosagur Ramgoolam est accessible \u00e0 69 km. \r\n\r\nCet \u00e9tablissement a \u00e9galement \u00e9t\u00e9 bien not\u00e9 pour son excellent rapport qualit\u00e9\/prix \u00e0 Grand Baie ! Les clients en ont plus pour leur argent en comparaison avec d'autres \u00e9tablissements dans cette ville.\r\n\r\nVotre accueil se fera en fran\u00e7ais<\/div> <div class=\"group-btn-tours\"><a href=\"https:\/\/monalysaholidays.com\/fr\/accommodations\/monalysa-bungalows\/\" class=\"left-btn\">Envoyer E-mail<\/a><\/div>\n\t\t\t\t\t\t\t<\/div>\n\t\t\t\t\t\t\t<ul class=\"list-info list-unstyle\"><\/ul>\n\t\t\t\t\t\t<\/div>\n\t\t\t\t\t<\/div>\n\t\t\t\t<\/div><div class=\"col-md-12 post-1421 slzexploore_hotel\">\n\t\t\t\t\t<div class=\"hotels-layout\">\n\t\t\t\t\t\t<div class=\"image-wrapper\">\n\t\t\t\t\t\t\t<a class=\"link\" href=\"https:\/\/monalysaholidays.com\/fr\/accommodations\/monalysa-st-honore\/\"><img loading=\"lazy\" decoding=\"async\" width=\"800\" height=\"540\" src=\"https:\/\/monalysaholidays.com\/wp-content\/uploads\/2016\/09\/April-2013_3-800x540.jpg\" class=\"img-responsive\" alt=\"\" srcset=\"https:\/\/monalysaholidays.com\/wp-content\/uploads\/2016\/09\/April-2013_3-800x540.jpg 800w, https:\/\/monalysaholidays.com\/wp-content\/uploads\/2016\/09\/April-2013_3-400x270.jpg 400w\" sizes=\"auto, (max-width: 800px) 100vw, 800px\" \/><\/a>\n\t\t\t\t\t\t\t\n\t\t\t\t\t\t\t<div class=\"title-wrapper\">\n\t\t\t\t\t\t\t\t<a href=\"https:\/\/monalysaholidays.com\/fr\/accommodations\/monalysa-st-honore\/\" class=\"title\">St Honore &amp; Piscine WhatsApp 5937 7750<\/a>\n\t\t\t\t\t\t\t\t<div class=\"stars stars4\">4<\/div>\n\t\t\t\t\t\t\t<\/div>\n\t\t\t\t\t\t<\/div>\n\t\t\t\t\t\t<div class=\"content-wrapper \">\n\t\t\t\t\t\t\t<div class=\"content\">\n\t\t\t\t\t\t\t\t<div class=\"title\"><div class=\"price\"><sup>\u20ac<\/sup><span class=\"number\">50<\/span><\/div><p class=\"for-price\"> per night<\/p><\/div> <div class=\"text\">Monalysa St Honore -<\/div> <div class=\"group-btn-tours\"><a href=\"https:\/\/monalysaholidays.com\/fr\/accommodations\/monalysa-st-honore\/\" class=\"left-btn\">Envoyer E-mail<\/a><\/div>\n\t\t\t\t\t\t\t<\/div>\n\t\t\t\t\t\t\t<ul class=\"list-info list-unstyle\"><\/ul>\n\t\t\t\t\t\t<\/div>\n\t\t\t\t\t<\/div>\n\t\t\t\t<\/div>\t\t\t<\/div>\n\t\t<\/div>\n\t\t<div class=\"hide pagination-json\" data-json=\"{&quot;layout&quot;:&quot;accommodation&quot;,&quot;limit_post&quot;:&quot;5&quot;,&quot;author&quot;:[],&quot;offset_post&quot;:0,&quot;sort_by&quot;:&quot;&quot;,&quot;pagination&quot;:&quot;yes&quot;,&quot;category_slug&quot;:[],&quot;facility_slug&quot;:[],&quot;location_slug&quot;:[],&quot;columns&quot;:1,&quot;paged&quot;:&quot;&quot;,&quot;cur_limit&quot;:&quot;&quot;,&quot;show_views&quot;:0,&quot;show_reviews&quot;:0,&quot;show_wishlist&quot;:0,&quot;show_share_post&quot;:0,&quot;show_address&quot;:0,&quot;post_in&quot;:&quot;&quot;,&quot;bg_color&quot;:&quot;&quot;,&quot;extra_class&quot;:&quot;&quot;,&quot;location_list&quot;:&quot;%5B%7B%7D%5D&quot;,&quot;author_list&quot;:&quot;%5B%7B%7D%5D&quot;,&quot;category_list&quot;:&quot;%5B%7B%7D%5D&quot;,&quot;facility_list&quot;:&quot;%5B%7B%7D%5D&quot;,&quot;btn_book&quot;:&quot;Envoyer E-mail&quot;,&quot;btn_link&quot;:&quot;&quot;,&quot;btn_book_color&quot;:&quot;&quot;,&quot;btn_book_bg_color&quot;:&quot;&quot;,&quot;btn_book_hover_bg_color&quot;:&quot;&quot;,&quot;content&quot;:&quot;&quot;,&quot;location_list_parse&quot;:[[]],&quot;author_list_parse&quot;:[[]],&quot;category_list_parse&quot;:[[]],&quot;facility_list_parse&quot;:[[]],&quot;taxonomy_slug&quot;:[],&quot;uniq_id&quot;:&quot;block-162000944669ee75571e93c&quot;,&quot;thumb-size&quot;:{&quot;large&quot;:&quot;slzexploore-thumb-800x540&quot;,&quot;no-image&quot;:&quot;thumb-800x540.gif&quot;,&quot;small&quot;:&quot;slzexploore-thumb-800x540&quot;},&quot;responsive-class&quot;:&quot;col-md-12&quot;}\"><\/div><div class=\"hide slz-pagination-base\" data-base=\"wp-json\/wp\/v2\/pages\/177\"><\/div>\t<\/div>\n<\/div>\n[\/vc_column][\/vc_row][vc_row][vc_column css=&#8221;.vc_custom_1463039032952{margin-top: 70px !important;}&#8221;]<div class=\"slz-shortcode special-offer \">\r\n\t<h3 class=\"title-style-2\">special offer<\/h3>\t<div class=\"special-offer-list\">\r\n\t\t\r\n\t\t<div class=\"special-offer-layout post-2511 slzexploore_hotel\">\r\n\t\t\t<div class=\"image-wrapper\">\r\n\t\t\t\t<a class=\"link\" href=\"https:\/\/monalysaholidays.com\/fr\/accommodations\/the-monalysa-suites-residence\/\"><img loading=\"lazy\" decoding=\"async\" width=\"342\" height=\"257\" src=\"https:\/\/monalysaholidays.com\/wp-content\/uploads\/2019\/09\/Eric-Site-1-342x257.jpg\" class=\"img-responsive\" alt=\"\" srcset=\"https:\/\/monalysaholidays.com\/wp-content\/uploads\/2019\/09\/Eric-Site-1-342x257.jpg 342w, https:\/\/monalysaholidays.com\/wp-content\/uploads\/2019\/09\/Eric-Site-1-300x225.jpg 300w, https:\/\/monalysaholidays.com\/wp-content\/uploads\/2019\/09\/Eric-Site-1-768x576.jpg 768w, https:\/\/monalysaholidays.com\/wp-content\/uploads\/2019\/09\/Eric-Site-1.jpg 1024w, https:\/\/monalysaholidays.com\/wp-content\/uploads\/2019\/09\/Eric-Site-1-560x420.jpg 560w\" sizes=\"auto, (max-width: 342px) 100vw, 342px\" \/><\/a>\r\n\t\t\t\t<div class=\"title-wrapper\"><a href=\"https:\/\/monalysaholidays.com\/fr\/accommodations\/the-monalysa-suites-residence\/\" class=\"title\">T 2 pers for 1 night 50Euros The Monalysa Suites &amp; Residence WhatsApp 5937 7750<\/a><i class=\"icons flaticon-circle\"><\/i><\/div>\r\n\t\t\t<\/div>\r\n\t\t<\/div>\r\n\t\r\n\t\t<div class=\"special-offer-layout post-1420 slzexploore_hotel\">\r\n\t\t\t<div class=\"image-wrapper\">\r\n\t\t\t\t<a class=\"link\" href=\"https:\/\/monalysaholidays.com\/fr\/accommodations\/monalysa-bungalows\/\"><img loading=\"lazy\" decoding=\"async\" width=\"342\" height=\"257\" src=\"https:\/\/monalysaholidays.com\/wp-content\/uploads\/2016\/09\/Mhb2-342x257.jpeg\" class=\"img-responsive\" alt=\"\" srcset=\"https:\/\/monalysaholidays.com\/wp-content\/uploads\/2016\/09\/Mhb2-342x257.jpeg 342w, https:\/\/monalysaholidays.com\/wp-content\/uploads\/2016\/09\/Mhb2-300x225.jpeg 300w, https:\/\/monalysaholidays.com\/wp-content\/uploads\/2016\/09\/Mhb2-1024x768.jpeg 1024w, https:\/\/monalysaholidays.com\/wp-content\/uploads\/2016\/09\/Mhb2-768x576.jpeg 768w, https:\/\/monalysaholidays.com\/wp-content\/uploads\/2016\/09\/Mhb2-1536x1152.jpeg 1536w, https:\/\/monalysaholidays.com\/wp-content\/uploads\/2016\/09\/Mhb2-560x420.jpeg 560w, https:\/\/monalysaholidays.com\/wp-content\/uploads\/2016\/09\/Mhb2-600x450.jpeg 600w, https:\/\/monalysaholidays.com\/wp-content\/uploads\/2016\/09\/Mhb2.jpeg 1600w\" sizes=\"auto, (max-width: 342px) 100vw, 342px\" \/><\/a>\r\n\t\t\t\t<div class=\"title-wrapper\"><a href=\"https:\/\/monalysaholidays.com\/fr\/accommodations\/monalysa-bungalows\/\" class=\"title\">(English) Monalysa Holidays Bungalows Studio - Promo 49\u20ac<\/a><i class=\"icons flaticon-circle\"><\/i><\/div>\r\n\t\t\t<\/div>\r\n\t\t<\/div>\r\n\t\r\n\t\t<div class=\"special-offer-layout post-1421 slzexploore_hotel\">\r\n\t\t\t<div class=\"image-wrapper\">\r\n\t\t\t\t<a class=\"link\" href=\"https:\/\/monalysaholidays.com\/fr\/accommodations\/monalysa-st-honore\/\"><img loading=\"lazy\" decoding=\"async\" width=\"342\" height=\"257\" src=\"https:\/\/monalysaholidays.com\/wp-content\/uploads\/2016\/09\/April-2013_3-342x257.jpg\" class=\"img-responsive\" alt=\"\" srcset=\"https:\/\/monalysaholidays.com\/wp-content\/uploads\/2016\/09\/April-2013_3-342x257.jpg 342w, https:\/\/monalysaholidays.com\/wp-content\/uploads\/2016\/09\/April-2013_3-300x225.jpg 300w, https:\/\/monalysaholidays.com\/wp-content\/uploads\/2016\/09\/April-2013_3-768x576.jpg 768w, https:\/\/monalysaholidays.com\/wp-content\/uploads\/2016\/09\/April-2013_3-1024x768.jpg 1024w, https:\/\/monalysaholidays.com\/wp-content\/uploads\/2016\/09\/April-2013_3-560x420.jpg 560w\" sizes=\"auto, (max-width: 342px) 100vw, 342px\" \/><\/a>\r\n\t\t\t\t<div class=\"title-wrapper\"><a href=\"https:\/\/monalysaholidays.com\/fr\/accommodations\/monalysa-st-honore\/\" class=\"title\">St Honore &amp; Piscine WhatsApp 5937 7750<\/a><i class=\"icons flaticon-circle\"><\/i><\/div>\r\n\t\t\t<\/div>\r\n\t\t<\/div>\r\n\t\t<\/div>\r\n<\/div>\r\n[\/vc_column][\/vc_row]<\/p>\n<\/div>","protected":false},"excerpt":{"rendered":"<p>[vc_row][vc_column width=&#8221;1\/3&#8243; el_class=&#8221;slz_col-sm-12&#8243;][\/vc_column][vc_column width=&#8221;2\/3&#8243; el_class=&#8221;slz_col-sm-12&#8243;][\/vc_column][\/vc_row][vc_row][vc_column css=&#8221;.vc_custom_1463039032952{margin-top: 70px !important;}&#8221;][\/vc_column][\/vc_row]<\/p>\n","protected":false},"author":10,"featured_media":0,"parent":0,"menu_order":0,"comment_status":"closed","ping_status":"closed","template":"","meta":{"footnotes":""},"class_list":["post-177","page","type-page","status-publish","hentry"],"_links":{"self":[{"href":"https:\/\/monalysaholidays.com\/fr\/wp-json\/wp\/v2\/pages\/177","targetHints":{"allow":["GET"]}}],"collection":[{"href":"https:\/\/monalysaholidays.com\/fr\/wp-json\/wp\/v2\/pages"}],"about":[{"href":"https:\/\/monalysaholidays.com\/fr\/wp-json\/wp\/v2\/types\/page"}],"author":[{"embeddable":true,"href":"https:\/\/monalysaholidays.com\/fr\/wp-json\/wp\/v2\/users\/10"}],"replies":[{"embeddable":true,"href":"https:\/\/monalysaholidays.com\/fr\/wp-json\/wp\/v2\/comments?post=177"}],"version-history":[{"count":7,"href":"https:\/\/monalysaholidays.com\/fr\/wp-json\/wp\/v2\/pages\/177\/revisions"}],"predecessor-version":[{"id":2015,"href":"https:\/\/monalysaholidays.com\/fr\/wp-json\/wp\/v2\/pages\/177\/revisions\/2015"}],"wp:attachment":[{"href":"https:\/\/monalysaholidays.com\/fr\/wp-json\/wp\/v2\/media?parent=177"}],"curies":[{"name":"wp","href":"https:\/\/api.w.org\/{rel}","templated":true}]}}