{"id":2360,"date":"2018-06-01T06:55:13","date_gmt":"2018-06-01T06:55:13","guid":{"rendered":"http:\/\/monalysaholidays.com\/?page_id=2360"},"modified":"2018-06-01T07:11:20","modified_gmt":"2018-06-01T07:11:20","slug":"monalysa-private-day-tours","status":"publish","type":"page","link":"https:\/\/monalysaholidays.com\/fr\/monalysa-private-day-tours\/","title":{"rendered":"Monalysa Tour Journee Personnalisee"},"content":{"rendered":"<p>Un accueil chaleureux de Monalysa Tour Op\u00e9rateur, \u00a0votre sp\u00e9cialiste de visite personnalis\u00e9e \u00e0 l&#8221;\u00eele Maurice.\u00a0 Pour ceux, d&#8217;entre vous, qui ne nous connaissent pas, Monalysa Tour Op\u00e9rateur a \u00e9t\u00e9 cr\u00e9\u00e9 en 1995 dans un effort pour vous fournir des services qui feront de votre s\u00e9jour \u00e0 l&#8217;\u00eele Maurice aussi agr\u00e9able, excitante et m\u00e9morable que possible. Notre sp\u00e9cificit\u00e9 r\u00e9side dans le fait que nous nous soucions vraiment de chaque client. Nous vous offrons une grande vari\u00e9t\u00e9 de services afin de vous aider \u00e0 profiter au maximum de votre s\u00e9jour.<\/p>\n<p>Parmi une multitude de services, nous fournissons l&#8217;accueil et les transferts a\u00e9roport, les excursions terre et mer \u00e0 l&#8217;\u00eele Maurice, entre autres, l&#8217;Ile aux Cerfs, la journ\u00e9e en Catamaran, la P\u00eache au gros et autres activit\u00e9s en mer, les excursions terrestres, en groupe ou personnalis\u00e9, en minibus ou en taxi, pour votre shopping, vos journ\u00e9es au Casela World of Adventures, Parc de Crocodiles et autres, la location de voitures et services scooter. Nous proposons \u00e9galement des h\u00e9bergements confortables et luxueux, \u00e0 des prix comp\u00e9titifs : Studios\/Villa\/Bungalow, avec tout le confort et les commodit\u00e9s. Tout cela pour bien moins que le prix d&#8217;une chambre d&#8217;h\u00f4tel. Il suffit juste d&#8217;un appel t\u00e9l\u00e9phonique ou un courriel \u00e0 l&#8217;un de nos Repr\u00e9sentants et nous sommes certains que nous allons gagner votre confiance avec notre exp\u00e9rience et notre connaissance en service client\u00e8le. Nous serons ravis de partager avec vous ce que quelques uns de nos clients avaient \u00e0 dire \u00e0 propos de nos services.<\/p>\n<p><span style=\"font-size: 12pt;\"><strong>Nous Contactez: Email: monalysa@intnet.mu\u00a0 &#8211;\u00a0 Mobile: 230 5937 7750\u00a0 &#8211;\u00a0 Bureau: 230 263 0991\u00a0 &#8211;\u00a0 WhatsApp\u00a0 &#8211;\u00a0 WeChat<\/strong><\/span><\/p>\n<p>&nbsp;<\/p>","protected":false},"excerpt":{"rendered":"<p>Un accueil chaleureux de Monalysa Tour Op\u00e9rateur, \u00a0votre sp\u00e9cialiste de visite personnalis\u00e9e \u00e0 l&#8221;\u00eele Maurice.\u00a0 Pour ceux, d&#8217;entre vous, qui ne nous connaissent pas, Monalysa Tour Op\u00e9rateur a \u00e9t\u00e9 cr\u00e9\u00e9 en 1995 dans un effort pour vous fournir des services qui feront de votre s\u00e9jour \u00e0 l&#8217;\u00eele Maurice aussi agr\u00e9able, excitante et m\u00e9morable que possible. [&hellip;]<\/p>\n","protected":false},"author":10,"featured_media":1963,"parent":0,"menu_order":1,"comment_status":"closed","ping_status":"closed","template":"","meta":{"footnotes":""},"class_list":["post-2360","page","type-page","status-publish","has-post-thumbnail","hentry"],"_links":{"self":[{"href":"https:\/\/monalysaholidays.com\/fr\/wp-json\/wp\/v2\/pages\/2360","targetHints":{"allow":["GET"]}}],"collection":[{"href":"https:\/\/monalysaholidays.com\/fr\/wp-json\/wp\/v2\/pages"}],"about":[{"href":"https:\/\/monalysaholidays.com\/fr\/wp-json\/wp\/v2\/types\/page"}],"author":[{"embeddable":true,"href":"https:\/\/monalysaholidays.com\/fr\/wp-json\/wp\/v2\/users\/10"}],"replies":[{"embeddable":true,"href":"https:\/\/monalysaholidays.com\/fr\/wp-json\/wp\/v2\/comments?post=2360"}],"version-history":[{"count":2,"href":"https:\/\/monalysaholidays.com\/fr\/wp-json\/wp\/v2\/pages\/2360\/revisions"}],"predecessor-version":[{"id":2362,"href":"https:\/\/monalysaholidays.com\/fr\/wp-json\/wp\/v2\/pages\/2360\/revisions\/2362"}],"wp:featuredmedia":[{"embeddable":true,"href":"https:\/\/monalysaholidays.com\/fr\/wp-json\/wp\/v2\/media\/1963"}],"wp:attachment":[{"href":"https:\/\/monalysaholidays.com\/fr\/wp-json\/wp\/v2\/media?parent=2360"}],"curies":[{"name":"wp","href":"https:\/\/api.w.org\/{rel}","templated":true}]}}